{"id":3967,"date":"2024-10-24T13:40:04","date_gmt":"2024-10-24T13:40:04","guid":{"rendered":"https:\/\/srkhairclinic.com\/bize-ulasin\/"},"modified":"2025-08-29T17:58:23","modified_gmt":"2025-08-29T17:58:23","slug":"bize-ulasin","status":"publish","type":"page","link":"https:\/\/www.srkhairclinic.com\/tr\/bize-ulasin\/","title":{"rendered":"Bize ula\u015f\u0131n"},"content":{"rendered":"\t\t<div data-elementor-type=\"wp-page\" data-elementor-id=\"3967\" class=\"elementor elementor-3967 elementor-470\" data-elementor-post-type=\"page\">\n\t\t\t\t<div class=\"elementor-element elementor-element-521806de e-flex e-con-boxed sc_layouts_column_icons_position_left e-con e-parent\" data-id=\"521806de\" data-element_type=\"container\" data-e-type=\"container\">\n\t\t\t\t\t<div class=\"e-con-inner\">\n\t\t\t\t<div data-animation-type=\"block\" class=\"elementor-element elementor-element-6746dc2d animation_type_block sc_fly_static elementor-invisible elementor-widget elementor-widget-heading\" data-id=\"6746dc2d\" data-element_type=\"widget\" data-e-type=\"widget\" data-settings=\"{&quot;_animation&quot;:&quot;ta_fadeinup&quot;}\" data-widget_type=\"heading.default\">\n\t\t\t\t<div class=\"elementor-widget-container\">\n\t\t\t\t\t<h1 class=\"elementor-heading-title elementor-size-default\">Bize ula\u015f\u0131n<\/h1>\t\t\t\t<\/div>\n\t\t\t\t<\/div>\n\t\t<div class=\"elementor-element elementor-element-549597e8 e-con-full e-flex sc_layouts_column_icons_position_left e-con e-child\" data-id=\"549597e8\" data-element_type=\"container\" data-e-type=\"container\">\n\t\t<div class=\"elementor-element elementor-element-25bf2075 e-con-full e-flex sc_layouts_column_icons_position_left e-con e-child\" data-id=\"25bf2075\" data-element_type=\"container\" data-e-type=\"container\">\n\t\t<div data-animation-type=\"block\" class=\"elementor-element elementor-element-2d81d0b8 e-con-full e-flex sc_layouts_column_icons_position_left animation_type_block elementor-invisible e-con e-child\" data-id=\"2d81d0b8\" data-element_type=\"container\" data-e-type=\"container\" data-settings=\"{&quot;animation&quot;:&quot;ta_fadeinup&quot;,&quot;animation_delay&quot;:100}\">\n\t\t\t\t<div class=\"elementor-element elementor-element-20e607e3 sc_fly_static elementor-widget elementor-widget-heading\" data-id=\"20e607e3\" data-element_type=\"widget\" data-e-type=\"widget\" data-widget_type=\"heading.default\">\n\t\t\t\t<div class=\"elementor-widget-container\">\n\t\t\t\t\t<h6 class=\"elementor-heading-title elementor-size-default\">Genel bilgi<\/h6>\t\t\t\t<\/div>\n\t\t\t\t<\/div>\n\t\t\t\t<\/div>\n\t\t<div data-animation-type=\"block\" class=\"elementor-element elementor-element-7da1396e e-con-full e-flex sc_layouts_column_icons_position_left animation_type_block elementor-invisible e-con e-child\" data-id=\"7da1396e\" data-element_type=\"container\" data-e-type=\"container\" data-settings=\"{&quot;animation&quot;:&quot;ta_fadeinup&quot;,&quot;animation_delay&quot;:200}\">\n\t\t\t\t<div class=\"elementor-element elementor-element-3fedd0f3 sc_fly_static elementor-widget elementor-widget-heading\" data-id=\"3fedd0f3\" data-element_type=\"widget\" data-e-type=\"widget\" data-widget_type=\"heading.default\">\n\t\t\t\t<div class=\"elementor-widget-container\">\n\t\t\t\t\t<h6 class=\"elementor-heading-title elementor-size-default\">Klinik adresi<\/h6>\t\t\t\t<\/div>\n\t\t\t\t<\/div>\n\t\t\t\t<\/div>\n\t\t<div data-animation-type=\"block\" class=\"elementor-element elementor-element-56a71727 e-con-full e-flex sc_layouts_column_icons_position_left animation_type_block elementor-invisible e-con e-child\" data-id=\"56a71727\" data-element_type=\"container\" data-e-type=\"container\" data-settings=\"{&quot;animation&quot;:&quot;ta_fadeinup&quot;,&quot;animation_delay&quot;:300}\">\n\t\t\t\t<div class=\"elementor-element elementor-element-6cbb7be9 sc_fly_static elementor-widget elementor-widget-heading\" data-id=\"6cbb7be9\" data-element_type=\"widget\" data-e-type=\"widget\" data-widget_type=\"heading.default\">\n\t\t\t\t<div class=\"elementor-widget-container\">\n\t\t\t\t\t<h6 class=\"elementor-heading-title elementor-size-default\">\u00c7al\u0131\u015fma saatleri<\/h6>\t\t\t\t<\/div>\n\t\t\t\t<\/div>\n\t\t\t\t<\/div>\n\t\t<div class=\"e-con-gap-no elementor-element elementor-element-4d6f0b4c e-con-full e-flex sc_layouts_column_icons_position_left animation_type_block elementor-invisible e-con e-child\" data-animation-type=\"block\" data-id=\"4d6f0b4c\" data-element_type=\"container\" data-e-type=\"container\" data-settings=\"{&quot;animation&quot;:&quot;ta_fadeinup&quot;,&quot;animation_delay&quot;:400}\">\n\t\t\t\t<\/div>\n\t\t\t\t<\/div>\n\t\t<div data-animation-type=\"block\" class=\"elementor-element elementor-element-68fc6bd0 e-con-full e-flex sc_layouts_column_icons_position_left animation_type_block elementor-invisible e-con e-child\" data-id=\"68fc6bd0\" data-element_type=\"container\" data-e-type=\"container\" data-settings=\"{&quot;animation&quot;:&quot;ta_fadeinup&quot;}\">\n\t\t\t\t<div class=\"elementor-element elementor-element-8950979 sc_fly_static elementor-widget elementor-widget-shortcode\" data-id=\"8950979\" data-element_type=\"widget\" data-e-type=\"widget\" data-widget_type=\"shortcode.default\">\n\t\t\t\t<div class=\"elementor-widget-container\">\n\t\t\t\t\t\t\t<div class=\"elementor-shortcode\"><p class=\"wpcf7-contact-form-not-found\"><strong>Hata:<\/strong> \u0130leti\u015fim formu bulunamad\u0131.<\/p><\/div>\n\t\t\t\t\t\t<\/div>\n\t\t\t\t<\/div>\n\t\t\t\t<\/div>\n\t\t\t\t<\/div>\n\t\t\t\t\t<\/div>\n\t\t\t\t<\/div>\n\t\t\t\t<\/div>\n\t\t","protected":false},"excerpt":{"rendered":"<p>Bize ula\u015f\u0131n Genel bilgi info@srkclinic.com +90&hellip;<\/p>\n","protected":false},"author":1,"featured_media":3969,"parent":0,"menu_order":0,"comment_status":"closed","ping_status":"closed","template":"","meta":{"footnotes":""},"class_list":["post-3967","page","type-page","status-publish","has-post-thumbnail","hentry"],"yoast_head":"<!-- This site is optimized with the Yoast SEO plugin v27.5 - https:\/\/yoast.com\/product\/yoast-seo-wordpress\/ -->\n<title>SRK Hair Clinic&#039;e ula\u015f | sa\u00e7 ekimine ba\u015fla<\/title>\n<meta name=\"description\" content=\"\u0130lk ad\u0131m\u0131 atmaya haz\u0131r m\u0131s\u0131n? Ekibimizle g\u00f6r\u00fc\u015fmek ve ki\u015fiselle\u015ftirilmi\u015f sa\u00e7 ekimi yolculu\u011funa ba\u015flamak i\u00e7in bug\u00fcn SRK Hair Clinic ile ileti\u015fime ge\u00e7.\" \/>\n<meta name=\"robots\" content=\"index, follow, max-snippet:-1, max-image-preview:large, max-video-preview:-1\" \/>\n<link rel=\"canonical\" href=\"https:\/\/www.srkhairclinic.com\/tr\/bize-ulasin\/\" \/>\n<meta property=\"og:locale\" content=\"tr_TR\" \/>\n<meta property=\"og:type\" content=\"article\" \/>\n<meta property=\"og:title\" content=\"SRK Hair Clinic&#039;e ula\u015f | sa\u00e7 ekimine ba\u015fla\" \/>\n<meta property=\"og:description\" content=\"\u0130lk ad\u0131m\u0131 atmaya haz\u0131r m\u0131s\u0131n? Ekibimizle g\u00f6r\u00fc\u015fmek ve ki\u015fiselle\u015ftirilmi\u015f sa\u00e7 ekimi yolculu\u011funa ba\u015flamak i\u00e7in bug\u00fcn SRK Hair Clinic ile ileti\u015fime ge\u00e7.\" \/>\n<meta property=\"og:url\" content=\"https:\/\/www.srkhairclinic.com\/tr\/bize-ulasin\/\" \/>\n<meta property=\"og:site_name\" content=\"Serkan Aydin Hair Clinic\" \/>\n<meta property=\"article:publisher\" content=\"https:\/\/www.facebook.com\/share\/1NXfA3aW8C\/?mibextid=wwXIfr\" \/>\n<meta property=\"article:modified_time\" content=\"2025-08-29T17:58:23+00:00\" \/>\n<meta property=\"og:image\" content=\"https:\/\/www.srkhairclinic.com\/wp-content\/uploads\/2025\/05\/DSC00198.jpg\" \/>\n\t<meta property=\"og:image:width\" content=\"2560\" \/>\n\t<meta property=\"og:image:height\" content=\"1707\" \/>\n\t<meta property=\"og:image:type\" content=\"image\/jpeg\" \/>\n<meta name=\"twitter:card\" content=\"summary_large_image\" \/>\n<script type=\"application\/ld+json\" class=\"yoast-schema-graph\">{\"@context\":\"https:\\\/\\\/schema.org\",\"@graph\":[{\"@type\":\"WebPage\",\"@id\":\"https:\\\/\\\/www.srkhairclinic.com\\\/tr\\\/bize-ulasin\\\/\",\"url\":\"https:\\\/\\\/www.srkhairclinic.com\\\/tr\\\/bize-ulasin\\\/\",\"name\":\"SRK Hair Clinic'e ula\u015f | sa\u00e7 ekimine ba\u015fla\",\"isPartOf\":{\"@id\":\"https:\\\/\\\/www.srkhairclinic.com\\\/tr\\\/#website\"},\"primaryImageOfPage\":{\"@id\":\"https:\\\/\\\/www.srkhairclinic.com\\\/tr\\\/bize-ulasin\\\/#primaryimage\"},\"image\":{\"@id\":\"https:\\\/\\\/www.srkhairclinic.com\\\/tr\\\/bize-ulasin\\\/#primaryimage\"},\"thumbnailUrl\":\"https:\\\/\\\/www.srkhairclinic.com\\\/wp-content\\\/uploads\\\/2025\\\/05\\\/DSC00198.jpg\",\"datePublished\":\"2024-10-24T13:40:04+00:00\",\"dateModified\":\"2025-08-29T17:58:23+00:00\",\"description\":\"\u0130lk ad\u0131m\u0131 atmaya haz\u0131r m\u0131s\u0131n? Ekibimizle g\u00f6r\u00fc\u015fmek ve ki\u015fiselle\u015ftirilmi\u015f sa\u00e7 ekimi yolculu\u011funa ba\u015flamak i\u00e7in bug\u00fcn SRK Hair Clinic ile ileti\u015fime ge\u00e7.\",\"breadcrumb\":{\"@id\":\"https:\\\/\\\/www.srkhairclinic.com\\\/tr\\\/bize-ulasin\\\/#breadcrumb\"},\"inLanguage\":\"tr\",\"potentialAction\":[{\"@type\":\"ReadAction\",\"target\":[\"https:\\\/\\\/www.srkhairclinic.com\\\/tr\\\/bize-ulasin\\\/\"]}]},{\"@type\":\"ImageObject\",\"inLanguage\":\"tr\",\"@id\":\"https:\\\/\\\/www.srkhairclinic.com\\\/tr\\\/bize-ulasin\\\/#primaryimage\",\"url\":\"https:\\\/\\\/www.srkhairclinic.com\\\/wp-content\\\/uploads\\\/2025\\\/05\\\/DSC00198.jpg\",\"contentUrl\":\"https:\\\/\\\/www.srkhairclinic.com\\\/wp-content\\\/uploads\\\/2025\\\/05\\\/DSC00198.jpg\",\"width\":2560,\"height\":1707,\"caption\":\"Scissors in dartboard\"},{\"@type\":\"BreadcrumbList\",\"@id\":\"https:\\\/\\\/www.srkhairclinic.com\\\/tr\\\/bize-ulasin\\\/#breadcrumb\",\"itemListElement\":[{\"@type\":\"ListItem\",\"position\":1,\"name\":\"Home\",\"item\":\"https:\\\/\\\/www.srkhairclinic.com\\\/tr\\\/ana-sayfa\\\/\"},{\"@type\":\"ListItem\",\"position\":2,\"name\":\"Bize ula\u015f\u0131n\"}]},{\"@type\":\"WebSite\",\"@id\":\"https:\\\/\\\/www.srkhairclinic.com\\\/tr\\\/#website\",\"url\":\"https:\\\/\\\/www.srkhairclinic.com\\\/tr\\\/\",\"name\":\"Serkan Aydin Hair Clinic\",\"description\":\"Dreams Don't Fall Out\",\"publisher\":{\"@id\":\"https:\\\/\\\/www.srkhairclinic.com\\\/tr\\\/#organization\"},\"potentialAction\":[{\"@type\":\"SearchAction\",\"target\":{\"@type\":\"EntryPoint\",\"urlTemplate\":\"https:\\\/\\\/www.srkhairclinic.com\\\/tr\\\/?s={search_term_string}\"},\"query-input\":{\"@type\":\"PropertyValueSpecification\",\"valueRequired\":true,\"valueName\":\"search_term_string\"}}],\"inLanguage\":\"tr\"},{\"@type\":\"Organization\",\"@id\":\"https:\\\/\\\/www.srkhairclinic.com\\\/tr\\\/#organization\",\"name\":\"Serkan Aydin Hair Clinic\",\"url\":\"https:\\\/\\\/www.srkhairclinic.com\\\/tr\\\/\",\"logo\":{\"@type\":\"ImageObject\",\"inLanguage\":\"tr\",\"@id\":\"https:\\\/\\\/www.srkhairclinic.com\\\/tr\\\/#\\\/schema\\\/logo\\\/image\\\/\",\"url\":\"https:\\\/\\\/www.srkhairclinic.com\\\/wp-content\\\/uploads\\\/2025\\\/05\\\/SRK-Logo.webp\",\"contentUrl\":\"https:\\\/\\\/www.srkhairclinic.com\\\/wp-content\\\/uploads\\\/2025\\\/05\\\/SRK-Logo.webp\",\"width\":1471,\"height\":757,\"caption\":\"Serkan Aydin Hair Clinic\"},\"image\":{\"@id\":\"https:\\\/\\\/www.srkhairclinic.com\\\/tr\\\/#\\\/schema\\\/logo\\\/image\\\/\"},\"sameAs\":[\"https:\\\/\\\/www.facebook.com\\\/share\\\/1NXfA3aW8C\\\/?mibextid=wwXIfr\",\"https:\\\/\\\/www.instagram.com\\\/serkanaydin_sacekimi\\\/\"]}]}<\/script>\n<!-- \/ Yoast SEO plugin. -->","yoast_head_json":{"title":"SRK Hair Clinic'e ula\u015f | sa\u00e7 ekimine ba\u015fla","description":"\u0130lk ad\u0131m\u0131 atmaya haz\u0131r m\u0131s\u0131n? Ekibimizle g\u00f6r\u00fc\u015fmek ve ki\u015fiselle\u015ftirilmi\u015f sa\u00e7 ekimi yolculu\u011funa ba\u015flamak i\u00e7in bug\u00fcn SRK Hair Clinic ile ileti\u015fime ge\u00e7.","robots":{"index":"index","follow":"follow","max-snippet":"max-snippet:-1","max-image-preview":"max-image-preview:large","max-video-preview":"max-video-preview:-1"},"canonical":"https:\/\/www.srkhairclinic.com\/tr\/bize-ulasin\/","og_locale":"tr_TR","og_type":"article","og_title":"SRK Hair Clinic'e ula\u015f | sa\u00e7 ekimine ba\u015fla","og_description":"\u0130lk ad\u0131m\u0131 atmaya haz\u0131r m\u0131s\u0131n? Ekibimizle g\u00f6r\u00fc\u015fmek ve ki\u015fiselle\u015ftirilmi\u015f sa\u00e7 ekimi yolculu\u011funa ba\u015flamak i\u00e7in bug\u00fcn SRK Hair Clinic ile ileti\u015fime ge\u00e7.","og_url":"https:\/\/www.srkhairclinic.com\/tr\/bize-ulasin\/","og_site_name":"Serkan Aydin Hair Clinic","article_publisher":"https:\/\/www.facebook.com\/share\/1NXfA3aW8C\/?mibextid=wwXIfr","article_modified_time":"2025-08-29T17:58:23+00:00","og_image":[{"width":2560,"height":1707,"url":"https:\/\/www.srkhairclinic.com\/wp-content\/uploads\/2025\/05\/DSC00198.jpg","type":"image\/jpeg"}],"twitter_card":"summary_large_image","schema":{"@context":"https:\/\/schema.org","@graph":[{"@type":"WebPage","@id":"https:\/\/www.srkhairclinic.com\/tr\/bize-ulasin\/","url":"https:\/\/www.srkhairclinic.com\/tr\/bize-ulasin\/","name":"SRK Hair Clinic'e ula\u015f | sa\u00e7 ekimine ba\u015fla","isPartOf":{"@id":"https:\/\/www.srkhairclinic.com\/tr\/#website"},"primaryImageOfPage":{"@id":"https:\/\/www.srkhairclinic.com\/tr\/bize-ulasin\/#primaryimage"},"image":{"@id":"https:\/\/www.srkhairclinic.com\/tr\/bize-ulasin\/#primaryimage"},"thumbnailUrl":"https:\/\/www.srkhairclinic.com\/wp-content\/uploads\/2025\/05\/DSC00198.jpg","datePublished":"2024-10-24T13:40:04+00:00","dateModified":"2025-08-29T17:58:23+00:00","description":"\u0130lk ad\u0131m\u0131 atmaya haz\u0131r m\u0131s\u0131n? Ekibimizle g\u00f6r\u00fc\u015fmek ve ki\u015fiselle\u015ftirilmi\u015f sa\u00e7 ekimi yolculu\u011funa ba\u015flamak i\u00e7in bug\u00fcn SRK Hair Clinic ile ileti\u015fime ge\u00e7.","breadcrumb":{"@id":"https:\/\/www.srkhairclinic.com\/tr\/bize-ulasin\/#breadcrumb"},"inLanguage":"tr","potentialAction":[{"@type":"ReadAction","target":["https:\/\/www.srkhairclinic.com\/tr\/bize-ulasin\/"]}]},{"@type":"ImageObject","inLanguage":"tr","@id":"https:\/\/www.srkhairclinic.com\/tr\/bize-ulasin\/#primaryimage","url":"https:\/\/www.srkhairclinic.com\/wp-content\/uploads\/2025\/05\/DSC00198.jpg","contentUrl":"https:\/\/www.srkhairclinic.com\/wp-content\/uploads\/2025\/05\/DSC00198.jpg","width":2560,"height":1707,"caption":"Scissors in dartboard"},{"@type":"BreadcrumbList","@id":"https:\/\/www.srkhairclinic.com\/tr\/bize-ulasin\/#breadcrumb","itemListElement":[{"@type":"ListItem","position":1,"name":"Home","item":"https:\/\/www.srkhairclinic.com\/tr\/ana-sayfa\/"},{"@type":"ListItem","position":2,"name":"Bize ula\u015f\u0131n"}]},{"@type":"WebSite","@id":"https:\/\/www.srkhairclinic.com\/tr\/#website","url":"https:\/\/www.srkhairclinic.com\/tr\/","name":"Serkan Aydin Hair Clinic","description":"Dreams Don't Fall Out","publisher":{"@id":"https:\/\/www.srkhairclinic.com\/tr\/#organization"},"potentialAction":[{"@type":"SearchAction","target":{"@type":"EntryPoint","urlTemplate":"https:\/\/www.srkhairclinic.com\/tr\/?s={search_term_string}"},"query-input":{"@type":"PropertyValueSpecification","valueRequired":true,"valueName":"search_term_string"}}],"inLanguage":"tr"},{"@type":"Organization","@id":"https:\/\/www.srkhairclinic.com\/tr\/#organization","name":"Serkan Aydin Hair Clinic","url":"https:\/\/www.srkhairclinic.com\/tr\/","logo":{"@type":"ImageObject","inLanguage":"tr","@id":"https:\/\/www.srkhairclinic.com\/tr\/#\/schema\/logo\/image\/","url":"https:\/\/www.srkhairclinic.com\/wp-content\/uploads\/2025\/05\/SRK-Logo.webp","contentUrl":"https:\/\/www.srkhairclinic.com\/wp-content\/uploads\/2025\/05\/SRK-Logo.webp","width":1471,"height":757,"caption":"Serkan Aydin Hair Clinic"},"image":{"@id":"https:\/\/www.srkhairclinic.com\/tr\/#\/schema\/logo\/image\/"},"sameAs":["https:\/\/www.facebook.com\/share\/1NXfA3aW8C\/?mibextid=wwXIfr","https:\/\/www.instagram.com\/serkanaydin_sacekimi\/"]}]}},"_links":{"self":[{"href":"https:\/\/www.srkhairclinic.com\/tr\/wp-json\/wp\/v2\/pages\/3967","targetHints":{"allow":["GET"]}}],"collection":[{"href":"https:\/\/www.srkhairclinic.com\/tr\/wp-json\/wp\/v2\/pages"}],"about":[{"href":"https:\/\/www.srkhairclinic.com\/tr\/wp-json\/wp\/v2\/types\/page"}],"author":[{"embeddable":true,"href":"https:\/\/www.srkhairclinic.com\/tr\/wp-json\/wp\/v2\/users\/1"}],"replies":[{"embeddable":true,"href":"https:\/\/www.srkhairclinic.com\/tr\/wp-json\/wp\/v2\/comments?post=3967"}],"version-history":[{"count":3,"href":"https:\/\/www.srkhairclinic.com\/tr\/wp-json\/wp\/v2\/pages\/3967\/revisions"}],"predecessor-version":[{"id":4151,"href":"https:\/\/www.srkhairclinic.com\/tr\/wp-json\/wp\/v2\/pages\/3967\/revisions\/4151"}],"wp:featuredmedia":[{"embeddable":true,"href":"https:\/\/www.srkhairclinic.com\/tr\/wp-json\/wp\/v2\/media\/3969"}],"wp:attachment":[{"href":"https:\/\/www.srkhairclinic.com\/tr\/wp-json\/wp\/v2\/media?parent=3967"}],"curies":[{"name":"wp","href":"https:\/\/api.w.org\/{rel}","templated":true}]}}