{"id":3946,"date":"2025-05-13T15:59:35","date_gmt":"2025-05-13T15:59:35","guid":{"rendered":"https:\/\/srkhairclinic.com\/sosyal-medya\/"},"modified":"2025-08-29T00:07:35","modified_gmt":"2025-08-29T00:07:35","slug":"sosyal-medya","status":"publish","type":"page","link":"https:\/\/www.srkhairclinic.com\/tr\/sosyal-medya\/","title":{"rendered":"Sosyal Medya"},"content":{"rendered":"\t\t<div data-elementor-type=\"wp-page\" data-elementor-id=\"3946\" class=\"elementor elementor-3946 elementor-3143\" data-elementor-post-type=\"page\">\n\t\t\t\t<div class=\"elementor-element elementor-element-52cf588 e-flex e-con-boxed sc_layouts_column_icons_position_left e-con e-parent\" data-id=\"52cf588\" data-element_type=\"container\" data-e-type=\"container\">\n\t\t\t\t\t<div class=\"e-con-inner\">\n\t\t\t\t<div data-animation-type=\"block\" class=\"elementor-element elementor-element-e2b29e5 animation_type_block sc_fly_static elementor-invisible elementor-widget elementor-widget-heading\" data-id=\"e2b29e5\" data-element_type=\"widget\" data-e-type=\"widget\" data-settings=\"{&quot;_animation&quot;:&quot;ta_fadeinup&quot;}\" data-widget_type=\"heading.default\">\n\t\t\t\t<div class=\"elementor-widget-container\">\n\t\t\t\t\t<h6 class=\"elementor-heading-title elementor-size-default\">Sosyal Medya<\/h6>\t\t\t\t<\/div>\n\t\t\t\t<\/div>\n\t\t\t\t\t<\/div>\n\t\t\t\t<\/div>\n\t\t<div class=\"elementor-element elementor-element-32714f7 e-flex e-con-boxed sc_layouts_column_icons_position_left e-con e-parent\" data-id=\"32714f7\" data-element_type=\"container\" data-e-type=\"container\">\n\t\t\t\t\t<div class=\"e-con-inner\">\n\t\t\t\t<div class=\"elementor-element elementor-element-138c8cc sc_fly_static elementor-widget elementor-widget-shortcode\" data-id=\"138c8cc\" data-element_type=\"widget\" data-e-type=\"widget\" data-widget_type=\"shortcode.default\">\n\t\t\t\t<div class=\"elementor-widget-container\">\n\t\t\t\t\t\t\t<div class=\"elementor-shortcode\">\n<div id=\"sb_instagram\"  class=\"sbi sbi_mob_col_1 sbi_tab_col_2 sbi_col_4 sbi_width_resp sbi_palette_custom_1\" style=\"padding-bottom: 10px;\"\t data-feedid=\"*1\"  data-res=\"auto\" data-cols=\"4\" data-colsmobile=\"1\" data-colstablet=\"2\" data-num=\"20\" data-nummobile=\"20\" data-item-padding=\"5\"\t data-shortcode-atts=\"{&quot;feed&quot;:&quot;1&quot;}\"  data-postid=\"3946\" data-locatornonce=\"860a4c9a83\" data-imageaspectratio=\"1:1\" data-sbi-flags=\"favorLocal,gdpr\">\n\t\n\t<div id=\"sbi_images\"  style=\"gap: 10px;\">\n\t\t\t<\/div>\n\n\t<div id=\"sbi_load\" >\n\n\t\n\t\t\t<span class=\"sbi_follow_btn sbi_custom\" >\n\t\t\t<a target=\"_blank\"\n\t\t\t\trel=\"nofollow noopener\"  href=\"https:\/\/www.instagram.com\/serkanaydin_sacekimi\/\" style=\"background: rgb(64,139,209);\">\n\t\t\t\t<svg class=\"svg-inline--fa fa-instagram fa-w-14\" aria-hidden=\"true\" data-fa-processed=\"\" aria-label=\"Instagram\" data-prefix=\"fab\" data-icon=\"instagram\" role=\"img\" viewBox=\"0 0 448 512\">\n                    <path fill=\"currentColor\" d=\"M224.1 141c-63.6 0-114.9 51.3-114.9 114.9s51.3 114.9 114.9 114.9S339 319.5 339 255.9 287.7 141 224.1 141zm0 189.6c-41.1 0-74.7-33.5-74.7-74.7s33.5-74.7 74.7-74.7 74.7 33.5 74.7 74.7-33.6 74.7-74.7 74.7zm146.4-194.3c0 14.9-12 26.8-26.8 26.8-14.9 0-26.8-12-26.8-26.8s12-26.8 26.8-26.8 26.8 12 26.8 26.8zm76.1 27.2c-1.7-35.9-9.9-67.7-36.2-93.9-26.2-26.2-58-34.4-93.9-36.2-37-2.1-147.9-2.1-184.9 0-35.8 1.7-67.6 9.9-93.9 36.1s-34.4 58-36.2 93.9c-2.1 37-2.1 147.9 0 184.9 1.7 35.9 9.9 67.7 36.2 93.9s58 34.4 93.9 36.2c37 2.1 147.9 2.1 184.9 0 35.9-1.7 67.7-9.9 93.9-36.2 26.2-26.2 34.4-58 36.2-93.9 2.1-37 2.1-147.8 0-184.8zM398.8 388c-7.8 19.6-22.9 34.7-42.6 42.6-29.5 11.7-99.5 9-132.1 9s-102.7 2.6-132.1-9c-19.6-7.8-34.7-22.9-42.6-42.6-11.7-29.5-9-99.5-9-132.1s-2.6-102.7 9-132.1c7.8-19.6 22.9-34.7 42.6-42.6 29.5-11.7 99.5-9 132.1-9s102.7-2.6 132.1 9c19.6 7.8 34.7 22.9 42.6 42.6 11.7 29.5 9 99.5 9 132.1s2.7 102.7-9 132.1z\"><\/path>\n                <\/svg>\t\t\t\t<span>Instagram&#039;da takip et<\/span>\n\t\t\t<\/a>\n\t\t<\/span>\n\t\n<\/div>\n\t\t<span class=\"sbi_resized_image_data\" data-feed-id=\"*1\"\n\t\t  data-resized=\"[]\">\n\t<\/span>\n\t<\/div>\n\n\t<style type=\"text\/css\">\n\t\t\t\t\t.sbi_header_palette_custom_1\t\t,\n\t\t#sb_instagram.sbi_palette_custom_1,\n\t\t#sbi_lightbox .sbi_lb-outerContainer .sbi_lb-dataContainer,\n\t\t#sbi_lightbox .sbi_lightbox_tooltip,\n\t\t#sbi_lightbox .sbi_share_close {\n\t\t\tbackground: #0E1012;\n\t\t}\n\n\t\t\t\t\t\t\t\t\t\t\t\t\t<\/style>\n\t<\/div>\n\t\t\t\t\t\t<\/div>\n\t\t\t\t<\/div>\n\t\t\t\t\t<\/div>\n\t\t\t\t<\/div>\n\t\t\t\t<\/div>\n\t\t","protected":false},"excerpt":{"rendered":"<p>Sosyal Medya Ger\u00e7ek hikayeleri payla\u015fan Ger\u00e7ek&hellip;<\/p>\n","protected":false},"author":1,"featured_media":3947,"parent":0,"menu_order":0,"comment_status":"closed","ping_status":"closed","template":"","meta":{"footnotes":""},"class_list":["post-3946","page","type-page","status-publish","has-post-thumbnail","hentry"],"yoast_head":"<!-- This site is optimized with the Yoast SEO plugin v27.5 - https:\/\/yoast.com\/product\/yoast-seo-wordpress\/ -->\n<title>SRK Hair Clinic&#039;i sosyal medyada takip et | Ger\u00e7ek sonu\u00e7lar ve g\u00fcncellemeler<\/title>\n<meta name=\"description\" content=\"Ger\u00e7ek hasta sonu\u00e7lar\u0131n\u0131, g\u00fcncellemeleri ve kamera arkas\u0131 anlar\u0131 g\u00f6r. Bilgi almak ve ilham almak i\u00e7in SRK Hair Clinic&#039;i sosyal medyada takip et.\" \/>\n<meta name=\"robots\" content=\"index, follow, max-snippet:-1, max-image-preview:large, max-video-preview:-1\" \/>\n<link rel=\"canonical\" href=\"https:\/\/www.srkhairclinic.com\/tr\/sosyal-medya\/\" \/>\n<meta property=\"og:locale\" content=\"tr_TR\" \/>\n<meta property=\"og:type\" content=\"article\" \/>\n<meta property=\"og:title\" content=\"SRK Hair Clinic&#039;i sosyal medyada takip et | Ger\u00e7ek sonu\u00e7lar ve g\u00fcncellemeler\" \/>\n<meta property=\"og:description\" content=\"Ger\u00e7ek hasta sonu\u00e7lar\u0131n\u0131, g\u00fcncellemeleri ve kamera arkas\u0131 anlar\u0131 g\u00f6r. Bilgi almak ve ilham almak i\u00e7in SRK Hair Clinic&#039;i sosyal medyada takip et.\" \/>\n<meta property=\"og:url\" content=\"https:\/\/www.srkhairclinic.com\/tr\/sosyal-medya\/\" \/>\n<meta property=\"og:site_name\" content=\"Serkan Aydin Hair Clinic\" \/>\n<meta property=\"article:publisher\" content=\"https:\/\/www.facebook.com\/share\/1NXfA3aW8C\/?mibextid=wwXIfr\" \/>\n<meta property=\"article:modified_time\" content=\"2025-08-29T00:07:35+00:00\" \/>\n<meta property=\"og:image\" content=\"https:\/\/www.srkhairclinic.com\/wp-content\/uploads\/2025\/05\/DSC01145.jpg\" \/>\n\t<meta property=\"og:image:width\" content=\"1441\" \/>\n\t<meta property=\"og:image:height\" content=\"2560\" \/>\n\t<meta property=\"og:image:type\" content=\"image\/jpeg\" \/>\n<meta name=\"twitter:card\" content=\"summary_large_image\" \/>\n<script type=\"application\/ld+json\" class=\"yoast-schema-graph\">{\"@context\":\"https:\\\/\\\/schema.org\",\"@graph\":[{\"@type\":\"WebPage\",\"@id\":\"https:\\\/\\\/www.srkhairclinic.com\\\/tr\\\/sosyal-medya\\\/\",\"url\":\"https:\\\/\\\/www.srkhairclinic.com\\\/tr\\\/sosyal-medya\\\/\",\"name\":\"SRK Hair Clinic'i sosyal medyada takip et | Ger\u00e7ek sonu\u00e7lar ve g\u00fcncellemeler\",\"isPartOf\":{\"@id\":\"https:\\\/\\\/www.srkhairclinic.com\\\/tr\\\/#website\"},\"primaryImageOfPage\":{\"@id\":\"https:\\\/\\\/www.srkhairclinic.com\\\/tr\\\/sosyal-medya\\\/#primaryimage\"},\"image\":{\"@id\":\"https:\\\/\\\/www.srkhairclinic.com\\\/tr\\\/sosyal-medya\\\/#primaryimage\"},\"thumbnailUrl\":\"https:\\\/\\\/www.srkhairclinic.com\\\/wp-content\\\/uploads\\\/2025\\\/05\\\/DSC01145.jpg\",\"datePublished\":\"2025-05-13T15:59:35+00:00\",\"dateModified\":\"2025-08-29T00:07:35+00:00\",\"description\":\"Ger\u00e7ek hasta sonu\u00e7lar\u0131n\u0131, g\u00fcncellemeleri ve kamera arkas\u0131 anlar\u0131 g\u00f6r. Bilgi almak ve ilham almak i\u00e7in SRK Hair Clinic'i sosyal medyada takip et.\",\"breadcrumb\":{\"@id\":\"https:\\\/\\\/www.srkhairclinic.com\\\/tr\\\/sosyal-medya\\\/#breadcrumb\"},\"inLanguage\":\"tr\",\"potentialAction\":[{\"@type\":\"ReadAction\",\"target\":[\"https:\\\/\\\/www.srkhairclinic.com\\\/tr\\\/sosyal-medya\\\/\"]}]},{\"@type\":\"ImageObject\",\"inLanguage\":\"tr\",\"@id\":\"https:\\\/\\\/www.srkhairclinic.com\\\/tr\\\/sosyal-medya\\\/#primaryimage\",\"url\":\"https:\\\/\\\/www.srkhairclinic.com\\\/wp-content\\\/uploads\\\/2025\\\/05\\\/DSC01145.jpg\",\"contentUrl\":\"https:\\\/\\\/www.srkhairclinic.com\\\/wp-content\\\/uploads\\\/2025\\\/05\\\/DSC01145.jpg\",\"width\":1441,\"height\":2560,\"caption\":\"Serkan Aydin using instrument\"},{\"@type\":\"BreadcrumbList\",\"@id\":\"https:\\\/\\\/www.srkhairclinic.com\\\/tr\\\/sosyal-medya\\\/#breadcrumb\",\"itemListElement\":[{\"@type\":\"ListItem\",\"position\":1,\"name\":\"Home\",\"item\":\"https:\\\/\\\/www.srkhairclinic.com\\\/tr\\\/ana-sayfa\\\/\"},{\"@type\":\"ListItem\",\"position\":2,\"name\":\"Sosyal Medya\"}]},{\"@type\":\"WebSite\",\"@id\":\"https:\\\/\\\/www.srkhairclinic.com\\\/tr\\\/#website\",\"url\":\"https:\\\/\\\/www.srkhairclinic.com\\\/tr\\\/\",\"name\":\"Serkan Aydin Hair Clinic\",\"description\":\"Dreams Don't Fall Out\",\"publisher\":{\"@id\":\"https:\\\/\\\/www.srkhairclinic.com\\\/tr\\\/#organization\"},\"potentialAction\":[{\"@type\":\"SearchAction\",\"target\":{\"@type\":\"EntryPoint\",\"urlTemplate\":\"https:\\\/\\\/www.srkhairclinic.com\\\/tr\\\/?s={search_term_string}\"},\"query-input\":{\"@type\":\"PropertyValueSpecification\",\"valueRequired\":true,\"valueName\":\"search_term_string\"}}],\"inLanguage\":\"tr\"},{\"@type\":\"Organization\",\"@id\":\"https:\\\/\\\/www.srkhairclinic.com\\\/tr\\\/#organization\",\"name\":\"Serkan Aydin Hair Clinic\",\"url\":\"https:\\\/\\\/www.srkhairclinic.com\\\/tr\\\/\",\"logo\":{\"@type\":\"ImageObject\",\"inLanguage\":\"tr\",\"@id\":\"https:\\\/\\\/www.srkhairclinic.com\\\/tr\\\/#\\\/schema\\\/logo\\\/image\\\/\",\"url\":\"https:\\\/\\\/www.srkhairclinic.com\\\/wp-content\\\/uploads\\\/2025\\\/05\\\/SRK-Logo.webp\",\"contentUrl\":\"https:\\\/\\\/www.srkhairclinic.com\\\/wp-content\\\/uploads\\\/2025\\\/05\\\/SRK-Logo.webp\",\"width\":1471,\"height\":757,\"caption\":\"Serkan Aydin Hair Clinic\"},\"image\":{\"@id\":\"https:\\\/\\\/www.srkhairclinic.com\\\/tr\\\/#\\\/schema\\\/logo\\\/image\\\/\"},\"sameAs\":[\"https:\\\/\\\/www.facebook.com\\\/share\\\/1NXfA3aW8C\\\/?mibextid=wwXIfr\",\"https:\\\/\\\/www.instagram.com\\\/serkanaydin_sacekimi\\\/\"]}]}<\/script>\n<!-- \/ Yoast SEO plugin. -->","yoast_head_json":{"title":"SRK Hair Clinic'i sosyal medyada takip et | Ger\u00e7ek sonu\u00e7lar ve g\u00fcncellemeler","description":"Ger\u00e7ek hasta sonu\u00e7lar\u0131n\u0131, g\u00fcncellemeleri ve kamera arkas\u0131 anlar\u0131 g\u00f6r. Bilgi almak ve ilham almak i\u00e7in SRK Hair Clinic'i sosyal medyada takip et.","robots":{"index":"index","follow":"follow","max-snippet":"max-snippet:-1","max-image-preview":"max-image-preview:large","max-video-preview":"max-video-preview:-1"},"canonical":"https:\/\/www.srkhairclinic.com\/tr\/sosyal-medya\/","og_locale":"tr_TR","og_type":"article","og_title":"SRK Hair Clinic'i sosyal medyada takip et | Ger\u00e7ek sonu\u00e7lar ve g\u00fcncellemeler","og_description":"Ger\u00e7ek hasta sonu\u00e7lar\u0131n\u0131, g\u00fcncellemeleri ve kamera arkas\u0131 anlar\u0131 g\u00f6r. Bilgi almak ve ilham almak i\u00e7in SRK Hair Clinic'i sosyal medyada takip et.","og_url":"https:\/\/www.srkhairclinic.com\/tr\/sosyal-medya\/","og_site_name":"Serkan Aydin Hair Clinic","article_publisher":"https:\/\/www.facebook.com\/share\/1NXfA3aW8C\/?mibextid=wwXIfr","article_modified_time":"2025-08-29T00:07:35+00:00","og_image":[{"width":1441,"height":2560,"url":"https:\/\/www.srkhairclinic.com\/wp-content\/uploads\/2025\/05\/DSC01145.jpg","type":"image\/jpeg"}],"twitter_card":"summary_large_image","schema":{"@context":"https:\/\/schema.org","@graph":[{"@type":"WebPage","@id":"https:\/\/www.srkhairclinic.com\/tr\/sosyal-medya\/","url":"https:\/\/www.srkhairclinic.com\/tr\/sosyal-medya\/","name":"SRK Hair Clinic'i sosyal medyada takip et | Ger\u00e7ek sonu\u00e7lar ve g\u00fcncellemeler","isPartOf":{"@id":"https:\/\/www.srkhairclinic.com\/tr\/#website"},"primaryImageOfPage":{"@id":"https:\/\/www.srkhairclinic.com\/tr\/sosyal-medya\/#primaryimage"},"image":{"@id":"https:\/\/www.srkhairclinic.com\/tr\/sosyal-medya\/#primaryimage"},"thumbnailUrl":"https:\/\/www.srkhairclinic.com\/wp-content\/uploads\/2025\/05\/DSC01145.jpg","datePublished":"2025-05-13T15:59:35+00:00","dateModified":"2025-08-29T00:07:35+00:00","description":"Ger\u00e7ek hasta sonu\u00e7lar\u0131n\u0131, g\u00fcncellemeleri ve kamera arkas\u0131 anlar\u0131 g\u00f6r. Bilgi almak ve ilham almak i\u00e7in SRK Hair Clinic'i sosyal medyada takip et.","breadcrumb":{"@id":"https:\/\/www.srkhairclinic.com\/tr\/sosyal-medya\/#breadcrumb"},"inLanguage":"tr","potentialAction":[{"@type":"ReadAction","target":["https:\/\/www.srkhairclinic.com\/tr\/sosyal-medya\/"]}]},{"@type":"ImageObject","inLanguage":"tr","@id":"https:\/\/www.srkhairclinic.com\/tr\/sosyal-medya\/#primaryimage","url":"https:\/\/www.srkhairclinic.com\/wp-content\/uploads\/2025\/05\/DSC01145.jpg","contentUrl":"https:\/\/www.srkhairclinic.com\/wp-content\/uploads\/2025\/05\/DSC01145.jpg","width":1441,"height":2560,"caption":"Serkan Aydin using instrument"},{"@type":"BreadcrumbList","@id":"https:\/\/www.srkhairclinic.com\/tr\/sosyal-medya\/#breadcrumb","itemListElement":[{"@type":"ListItem","position":1,"name":"Home","item":"https:\/\/www.srkhairclinic.com\/tr\/ana-sayfa\/"},{"@type":"ListItem","position":2,"name":"Sosyal Medya"}]},{"@type":"WebSite","@id":"https:\/\/www.srkhairclinic.com\/tr\/#website","url":"https:\/\/www.srkhairclinic.com\/tr\/","name":"Serkan Aydin Hair Clinic","description":"Dreams Don't Fall Out","publisher":{"@id":"https:\/\/www.srkhairclinic.com\/tr\/#organization"},"potentialAction":[{"@type":"SearchAction","target":{"@type":"EntryPoint","urlTemplate":"https:\/\/www.srkhairclinic.com\/tr\/?s={search_term_string}"},"query-input":{"@type":"PropertyValueSpecification","valueRequired":true,"valueName":"search_term_string"}}],"inLanguage":"tr"},{"@type":"Organization","@id":"https:\/\/www.srkhairclinic.com\/tr\/#organization","name":"Serkan Aydin Hair Clinic","url":"https:\/\/www.srkhairclinic.com\/tr\/","logo":{"@type":"ImageObject","inLanguage":"tr","@id":"https:\/\/www.srkhairclinic.com\/tr\/#\/schema\/logo\/image\/","url":"https:\/\/www.srkhairclinic.com\/wp-content\/uploads\/2025\/05\/SRK-Logo.webp","contentUrl":"https:\/\/www.srkhairclinic.com\/wp-content\/uploads\/2025\/05\/SRK-Logo.webp","width":1471,"height":757,"caption":"Serkan Aydin Hair Clinic"},"image":{"@id":"https:\/\/www.srkhairclinic.com\/tr\/#\/schema\/logo\/image\/"},"sameAs":["https:\/\/www.facebook.com\/share\/1NXfA3aW8C\/?mibextid=wwXIfr","https:\/\/www.instagram.com\/serkanaydin_sacekimi\/"]}]}},"_links":{"self":[{"href":"https:\/\/www.srkhairclinic.com\/tr\/wp-json\/wp\/v2\/pages\/3946","targetHints":{"allow":["GET"]}}],"collection":[{"href":"https:\/\/www.srkhairclinic.com\/tr\/wp-json\/wp\/v2\/pages"}],"about":[{"href":"https:\/\/www.srkhairclinic.com\/tr\/wp-json\/wp\/v2\/types\/page"}],"author":[{"embeddable":true,"href":"https:\/\/www.srkhairclinic.com\/tr\/wp-json\/wp\/v2\/users\/1"}],"replies":[{"embeddable":true,"href":"https:\/\/www.srkhairclinic.com\/tr\/wp-json\/wp\/v2\/comments?post=3946"}],"version-history":[{"count":1,"href":"https:\/\/www.srkhairclinic.com\/tr\/wp-json\/wp\/v2\/pages\/3946\/revisions"}],"predecessor-version":[{"id":3948,"href":"https:\/\/www.srkhairclinic.com\/tr\/wp-json\/wp\/v2\/pages\/3946\/revisions\/3948"}],"wp:featuredmedia":[{"embeddable":true,"href":"https:\/\/www.srkhairclinic.com\/tr\/wp-json\/wp\/v2\/media\/3947"}],"wp:attachment":[{"href":"https:\/\/www.srkhairclinic.com\/tr\/wp-json\/wp\/v2\/media?parent=3946"}],"curies":[{"name":"wp","href":"https:\/\/api.w.org\/{rel}","templated":true}]}}